{"id":2,"date":"2026-02-02T14:14:32","date_gmt":"2026-02-02T13:14:32","guid":{"rendered":"https:\/\/btsio.alwaysdata.net\/wordpress\/?page_id=2"},"modified":"2026-02-09T14:49:48","modified_gmt":"2026-02-09T13:49:48","slug":"page-d-exemple","status":"publish","type":"page","link":"https:\/\/btsio.alwaysdata.net\/wordpress\/page-d-exemple\/","title":{"rendered":"Page d\u2019exemple"},"content":{"rendered":"\n<p>Ceci est une page d\u2019exemple. <\/p>\n\n\n\n<p>C\u2019est diff\u00e9rent d\u2019un article de blog parce qu\u2019elle restera au m\u00eame endroit et appara\u00eetra dans la navigation de votre site (dans la plupart des th\u00e8mes). La plupart des gens commencent par une page \u00ab&nbsp;\u00c0 propos&nbsp;\u00bb qui les pr\u00e9sente aux personnes visitant le site. Cela pourrait ressembler \u00e0 quelque chose comme cela&nbsp;:<\/p>\n\n\n\n<p><a href=\"https:\/\/btsio.alwaysdata.net\/wordpress\/forums\/forum\/forum-general\/\n\u200e\">https:\/\/btsio.alwaysdata.net\/wordpress\/forums\/forum\/forum-general\/ \u200e<\/a><\/p>\n\n\n\n<blockquote class=\"wp-block-quote is-layout-flow wp-block-quote-is-layout-flow\">\n<p>Bonjour&nbsp;! Je suis un m\u00e9canicien qui aspire \u00e0 devenir acteur, et voici mon site. J\u2019habite \u00e0 Bordeaux, j\u2019ai un super chien baptis\u00e9 Russell, et j\u2019aime la vodka (ainsi qu\u2019\u00eatre surpris par la pluie soudaine lors de longues balades sur la plage au coucher du soleil).<\/p>\n<\/blockquote>\n\n\n\n<p>\u2026ou quelque chose comme cela&nbsp;:<\/p>\n\n\n\n<blockquote class=\"wp-block-quote is-layout-flow wp-block-quote-is-layout-flow\">\n<p>La soci\u00e9t\u00e9 123 Machin Truc a \u00e9t\u00e9 cr\u00e9\u00e9e en 1971, et n\u2019a cess\u00e9 de proposer au public des machins-trucs de qualit\u00e9 depuis lors. Situ\u00e9e \u00e0 Saint-Remy-en-Bouzemont-Saint-Genest-et-Isson, 123 Machin Truc emploie 2 000 personnes, et fabrique toutes sortes de bidules supers pour la communaut\u00e9 bouzemontoise.<\/p>\n<\/blockquote>\n\n\n\n<p>En tant que nouvel utilisateur ou utilisatrice de WordPress, vous devriez vous rendre sur <a href=\"https:\/\/btsio.alwaysdata.net\/wordpress\/wp-admin\/\">votre tableau de bord<\/a> pour supprimer cette page et cr\u00e9er de nouvelles pages pour votre contenu. <\/p>\n\n\n\n<p>Amusez-vous bien&nbsp;!<\/p>\n\n\n<ul class=\"wp-block-rss\"><li class='wp-block-rss__item'><div class='wp-block-rss__item-title'><a href='https:\/\/www.01net.com\/actualites\/google-devoile-4-ia-qui-peuvent-tourner-sur-votre-smartphone-ou-votre-ordinateur-sans-internet.html'>Google d\u00e9voile 4 IA qui peuvent tourner sur votre smartphone ou votre ordinateur, sans Internet<\/a><\/div><\/li><li class='wp-block-rss__item'><div class='wp-block-rss__item-title'><a href='https:\/\/www.01net.com\/actualites\/le-youtubeur-auto-le-plus-connu-en-france-prend-position-sur-la-voiture-electrique.html'>Le youtubeur auto le plus connu en France prend position sur la voiture \u00e9lectrique<\/a><\/div><\/li><li class='wp-block-rss__item'><div class='wp-block-rss__item-title'><a href='https:\/\/www.01net.com\/actualites\/vous-comptez-acheter-smartphone-vaut-mieux-pas-trainer.html'>La fin des smartphones entr\u00e9e de gamme\u00a0? Pourquoi les prix risquent d\u2019exploser cette ann\u00e9e<\/a><\/div><\/li><li class='wp-block-rss__item'><div class='wp-block-rss__item-title'><a href='https:\/\/www.01net.com\/actualites\/les-gafam-qui-scannent-nos-conversations-en-ligne-cest-termine-a-partir-du-samedi-4-avril.html'>Les Gafam qui scannent nos conversations en ligne\u00a0? C\u2019est termin\u00e9 \u00e0 partir du samedi 4 avril<\/a><\/div><\/li><li class='wp-block-rss__item'><div class='wp-block-rss__item-title'><a href='https:\/\/www.01net.com\/actualites\/steam-deck-2-date-de-sortie-encore-loin-mais-bonne-nouvelle.html'>Steam Deck 2\u00a0: la date de sortie est encore loin, mais c\u2019est une bonne nouvelle<\/a><\/div><\/li><\/ul>\n\n<div class=\"feedzy-23e78ca0b8416a7826e117727cb5fb59 feedzy-rss\"><div class=\"rss_header\"><h2><a href=\"https:\/\/www.01net.com\/\" class=\"rss_title\" rel=\"noopener\">01net.com<\/a> <span class=\"rss_description\"> Actualit\u00e9 tech, tests produits, astuces &amp; t\u00e9l\u00e9chargements<\/span><\/h2><\/div><ul><li  style=\"padding: 15px 0 25px\" class=\"rss_item\"><div class=\"rss_image\" style=\"height:150px;width:150px;\"><a href=\"https:\/\/www.01net.com\/actualites\/google-devoile-4-ia-qui-peuvent-tourner-sur-votre-smartphone-ou-votre-ordinateur-sans-internet.html\" target=\"_blank\" rel=\" noopener\" title=\"Google d\u00e9voile 4 IA qui peuvent tourner sur votre smartphone ou votre ordinateur, sans Internet\" style=\"height:150px;width:150px;\"><img data-opt-id=1915858918  fetchpriority=\"high\" decoding=\"async\" src=\"https:\/\/www.01net.com\/app\/uploads\/2026\/01\/Ordinateur-Acer-femme-illustration-1344x896.jpg\" title=\"Google d\u00e9voile 4 IA qui peuvent tourner sur votre smartphone ou votre ordinateur, sans Internet\" style=\"height:150px;width:150px;\"><\/a><\/div><span class=\"title\"><a href=\"https:\/\/www.01net.com\/actualites\/google-devoile-4-ia-qui-peuvent-tourner-sur-votre-smartphone-ou-votre-ordinateur-sans-internet.html\" target=\"_blank\" rel=\" noopener\">Google d\u00e9voile 4 IA qui peuvent tourner sur votre smartphone ou votre ordinateur, sans Internet<\/a><\/span><div class=\"rss_content\" style=\"\"><small>par <a href=\"\/\/www.01net.com\" target=\"_blank\" title=\"www.01net.com\">J\u00e9r\u00e9my Olcina<\/a> le 3 avril 2026 \u00e0 15h50 <\/small><p>Avec Gemma 4, Google propose 4 intelligences artificielles en open source, dot\u00e9es chacune de performances sp\u00e9cifiques. L\u2019entreprise am\u00e9ricaine se positionne dor\u00e9navant comme un concurrent de poids face \u00e0 des g\u00e9ants chinois comme DeepSeek et Qwen (Alibaba).<\/p><\/div><\/li><li  style=\"padding: 15px 0 25px\" class=\"rss_item\"><div class=\"rss_image\" style=\"height:150px;width:150px;\"><a href=\"https:\/\/www.01net.com\/actualites\/le-youtubeur-auto-le-plus-connu-en-france-prend-position-sur-la-voiture-electrique.html\" target=\"_blank\" rel=\" noopener\" title=\"Le youtubeur auto le plus connu en France prend position sur la voiture \u00e9lectrique\" style=\"height:150px;width:150px;\"><img data-opt-id=1890515876  fetchpriority=\"high\" decoding=\"async\" src=\"https:\/\/www.01net.com\/app\/uploads\/2026\/04\/sylvain-lyve-probleme-voiture-electrique-1344x896.jpg\" title=\"Le youtubeur auto le plus connu en France prend position sur la voiture \u00e9lectrique\" style=\"height:150px;width:150px;\"><\/a><\/div><span class=\"title\"><a href=\"https:\/\/www.01net.com\/actualites\/le-youtubeur-auto-le-plus-connu-en-france-prend-position-sur-la-voiture-electrique.html\" target=\"_blank\" rel=\" noopener\">Le youtubeur auto le plus connu en France prend position sur la voiture \u00e9lectrique<\/a><\/span><div class=\"rss_content\" style=\"\"><small>par <a href=\"\/\/www.01net.com\" target=\"_blank\" title=\"www.01net.com\">Thomas Estimbre<\/a> le 3 avril 2026 \u00e0 14h33 <\/small><p>D\u00e9battre de la voiture \u00e9lectrique pendant plus d'une heure sans tomber dans le militantisme, c'est rare. Sylvain Lyve l'a fait. Le vid\u00e9aste d\u00e9cortique les enjeux historiques et technologiques de cette motorisation et apporte une vision r\u00e9fl\u00e9chie qui nuance fortement les discours officiels sur la transition \u00e9nerg\u00e9tique.<\/p><\/div><\/li><li  style=\"padding: 15px 0 25px\" class=\"rss_item\"><div class=\"rss_image\" style=\"height:150px;width:150px;\"><a href=\"https:\/\/www.01net.com\/actualites\/vous-comptez-acheter-smartphone-vaut-mieux-pas-trainer.html\" target=\"_blank\" rel=\" noopener\" title=\"La fin des smartphones entr\u00e9e de gamme\u00a0? Pourquoi les prix risquent d\u2019exploser cette ann\u00e9e\" style=\"height:150px;width:150px;\"><img data-opt-id=2093232708  data-opt-src=\"https:\/\/www.01net.com\/app\/uploads\/2025\/05\/meilleur-smartphone-moins-500-euros-Xiaomi-15T-1344x896.jpg\"  decoding=\"async\" src=\"data:image/svg+xml,%3Csvg%20viewBox%3D%220%200%201344%20896%22%20width%3D%221344%22%20height%3D%22896%22%20xmlns%3D%22http%3A%2F%2Fwww.w3.org%2F2000%2Fsvg%22%3E%3Crect%20width%3D%221344%22%20height%3D%22896%22%20fill%3D%22transparent%22%2F%3E%3C%2Fsvg%3E\" title=\"La fin des smartphones entr\u00e9e de gamme\u00a0? Pourquoi les prix risquent d\u2019exploser cette ann\u00e9e\" style=\"height:150px;width:150px;\"><\/a><\/div><span class=\"title\"><a href=\"https:\/\/www.01net.com\/actualites\/vous-comptez-acheter-smartphone-vaut-mieux-pas-trainer.html\" target=\"_blank\" rel=\" noopener\">La fin des smartphones entr\u00e9e de gamme\u00a0? Pourquoi les prix risquent d\u2019exploser cette ann\u00e9e<\/a><\/span><div class=\"rss_content\" style=\"\"><small>par <a href=\"\/\/www.01net.com\" target=\"_blank\" title=\"www.01net.com\">J\u00e9r\u00e9my Olcina<\/a> le 3 avril 2026 \u00e0 13h30 <\/small><p>Selon un cabinet d\u2019\u00e9tudes, la hausse des prix des smartphones est in\u00e9vitable en 2026. Cette hausse, pr\u00e9sent\u00e9e comme in\u00e9luctable, toucherait plus particuli\u00e8rement les appareils d\u2019entr\u00e9e de gamme.<\/p><\/div><\/li><li  style=\"padding: 15px 0 25px\" class=\"rss_item\"><div class=\"rss_image\" style=\"height:150px;width:150px;\"><a href=\"https:\/\/www.01net.com\/actualites\/les-gafam-qui-scannent-nos-conversations-en-ligne-cest-termine-a-partir-du-samedi-4-avril.html\" target=\"_blank\" rel=\" noopener\" title=\"Les Gafam qui scannent nos conversations en ligne\u00a0? C\u2019est termin\u00e9 \u00e0 partir du samedi 4 avril\" style=\"height:150px;width:150px;\"><img data-opt-id=1729000782  data-opt-src=\"https:\/\/www.01net.com\/app\/uploads\/2026\/02\/parlement-europeen-1344x896.jpg\"  decoding=\"async\" src=\"data:image/svg+xml,%3Csvg%20viewBox%3D%220%200%201344%20896%22%20width%3D%221344%22%20height%3D%22896%22%20xmlns%3D%22http%3A%2F%2Fwww.w3.org%2F2000%2Fsvg%22%3E%3Crect%20width%3D%221344%22%20height%3D%22896%22%20fill%3D%22transparent%22%2F%3E%3C%2Fsvg%3E\" title=\"Les Gafam qui scannent nos conversations en ligne\u00a0? C\u2019est termin\u00e9 \u00e0 partir du samedi 4 avril\" style=\"height:150px;width:150px;\"><\/a><\/div><span class=\"title\"><a href=\"https:\/\/www.01net.com\/actualites\/les-gafam-qui-scannent-nos-conversations-en-ligne-cest-termine-a-partir-du-samedi-4-avril.html\" target=\"_blank\" rel=\" noopener\">Les Gafam qui scannent nos conversations en ligne\u00a0? C\u2019est termin\u00e9 \u00e0 partir du samedi 4 avril<\/a><\/span><div class=\"rss_content\" style=\"\"><small>par <a href=\"\/\/www.01net.com\" target=\"_blank\" title=\"www.01net.com\">St\u00e9phanie Bascou<\/a> le 3 avril 2026 \u00e0 12h41 <\/small><p>Depuis 2022, les g\u00e9ants du num\u00e9rique comme Meta, la maison m\u00e8re d'Instagram, pouvaient scanner nos conversations en ligne \u00e0 des fins de recherche de contenus p\u00e9dopornographiques. Cette possibilit\u00e9 expire ce vendredi 3 avril \u00e0 minuit, et le Parlement europ\u00e9en a choisi de ne pas la renouveler : une nouvelle dont s'est f\u00e9licit\u00e9e la soci\u00e9t\u00e9 civile, qui d\u00e9plorait un \u00ab contr\u00f4le de masse non cibl\u00e9 des conversations en ligne priv\u00e9es \u00bb ne permettant pas de davantage prot\u00e9ger les mineurs.<\/p><\/div><\/li><li  style=\"padding: 15px 0 25px\" class=\"rss_item\"><div class=\"rss_image\" style=\"height:150px;width:150px;\"><a href=\"https:\/\/www.01net.com\/actualites\/steam-deck-2-date-de-sortie-encore-loin-mais-bonne-nouvelle.html\" target=\"_blank\" rel=\" noopener\" title=\"Steam Deck 2\u00a0: la date de sortie est encore loin, mais c\u2019est une bonne nouvelle\" style=\"height:150px;width:150px;\"><img data-opt-id=1286506543  data-opt-src=\"https:\/\/www.01net.com\/app\/uploads\/2023\/12\/Steam-Deck-OLED-12-1360x905.jpg\"  decoding=\"async\" src=\"data:image/svg+xml,%3Csvg%20viewBox%3D%220%200%201360%20905%22%20width%3D%221360%22%20height%3D%22905%22%20xmlns%3D%22http%3A%2F%2Fwww.w3.org%2F2000%2Fsvg%22%3E%3Crect%20width%3D%221360%22%20height%3D%22905%22%20fill%3D%22transparent%22%2F%3E%3C%2Fsvg%3E\" title=\"Steam Deck 2\u00a0: la date de sortie est encore loin, mais c\u2019est une bonne nouvelle\" style=\"height:150px;width:150px;\"><\/a><\/div><span class=\"title\"><a href=\"https:\/\/www.01net.com\/actualites\/steam-deck-2-date-de-sortie-encore-loin-mais-bonne-nouvelle.html\" target=\"_blank\" rel=\" noopener\">Steam Deck 2\u00a0: la date de sortie est encore loin, mais c\u2019est une bonne nouvelle<\/a><\/span><div class=\"rss_content\" style=\"\"><small>par <a href=\"\/\/www.01net.com\" target=\"_blank\" title=\"www.01net.com\">Gabriel Manceau<\/a> le 3 avril 2026 \u00e0 12h06 <\/small><p>La date de sortie du Steam Deck 2 parait encore bien loin, Valve privil\u00e9giant un v\u00e9ritable bond technologique plut\u00f4t qu'une simple mise \u00e0 jour.<\/p><\/div><\/li><\/ul> <\/div><style type=\"text\/css\" media=\"all\">.feedzy-rss .rss_item .rss_image{float:left;position:relative;border:none;text-decoration:none;max-width:100%}.feedzy-rss .rss_item .rss_image span{display:inline-block;position:absolute;width:100%;height:100%;background-position:50%;background-size:cover}.feedzy-rss .rss_item .rss_image{margin:.3em 1em 0 0;content-visibility:auto}.feedzy-rss ul{list-style:none}.feedzy-rss ul li{display:inline-block}<\/style>\n\n\n\n<p><\/p>\n","protected":false},"excerpt":{"rendered":"<p>Ceci est une page d\u2019exemple. C\u2019est diff\u00e9rent d\u2019un article de blog parce qu\u2019elle restera au m\u00eame endroit et appara\u00eetra dans la navigation de votre site (dans la plupart des th\u00e8mes). La plupart des gens commencent par une page \u00ab&nbsp;\u00c0 propos&nbsp;\u00bb qui les pr\u00e9sente aux personnes visitant le site. Cela pourrait ressembler \u00e0 quelque chose comme [&hellip;]<\/p>\n","protected":false},"author":1,"featured_media":0,"parent":0,"menu_order":0,"comment_status":"closed","ping_status":"open","template":"","meta":{"_bbp_topic_count":0,"_bbp_reply_count":0,"_bbp_total_topic_count":0,"_bbp_total_reply_count":0,"_bbp_voice_count":0,"_bbp_anonymous_reply_count":0,"_bbp_topic_count_hidden":0,"_bbp_reply_count_hidden":0,"_bbp_forum_subforum_count":0,"footnotes":""},"class_list":["post-2","page","type-page","status-publish","hentry"],"_links":{"self":[{"href":"https:\/\/btsio.alwaysdata.net\/wordpress\/wp-json\/wp\/v2\/pages\/2","targetHints":{"allow":["GET"]}}],"collection":[{"href":"https:\/\/btsio.alwaysdata.net\/wordpress\/wp-json\/wp\/v2\/pages"}],"about":[{"href":"https:\/\/btsio.alwaysdata.net\/wordpress\/wp-json\/wp\/v2\/types\/page"}],"author":[{"embeddable":true,"href":"https:\/\/btsio.alwaysdata.net\/wordpress\/wp-json\/wp\/v2\/users\/1"}],"replies":[{"embeddable":true,"href":"https:\/\/btsio.alwaysdata.net\/wordpress\/wp-json\/wp\/v2\/comments?post=2"}],"version-history":[{"count":16,"href":"https:\/\/btsio.alwaysdata.net\/wordpress\/wp-json\/wp\/v2\/pages\/2\/revisions"}],"predecessor-version":[{"id":46,"href":"https:\/\/btsio.alwaysdata.net\/wordpress\/wp-json\/wp\/v2\/pages\/2\/revisions\/46"}],"wp:attachment":[{"href":"https:\/\/btsio.alwaysdata.net\/wordpress\/wp-json\/wp\/v2\/media?parent=2"}],"curies":[{"name":"wp","href":"https:\/\/api.w.org\/{rel}","templated":true}]}}